{"id":142,"date":"2013-02-22T15:09:04","date_gmt":"2013-02-22T13:09:04","guid":{"rendered":"http:\/\/127.0.0.1\/wp\/?page_id=142"},"modified":"2014-01-24T16:19:05","modified_gmt":"2014-01-24T15:19:05","slug":"start","status":"publish","type":"page","link":"http:\/\/blaues-kreuz-saarland.de\/","title":{"rendered":"Start"},"content":{"rendered":"<p><img loading=\"lazy\" decoding=\"async\" class=\"alignnone size-full wp-image-164\" alt=\"start\" src=\"http:\/\/blaues-kreuz-saarland.de\/wp-content\/uploads\/2013\/02\/start1.jpg\" width=\"1140\" height=\"290\" srcset=\"http:\/\/blaues-kreuz-saarland.de\/wp-content\/uploads\/2013\/02\/start1.jpg 1140w, http:\/\/blaues-kreuz-saarland.de\/wp-content\/uploads\/2013\/02\/start1-300x76.jpg 300w, http:\/\/blaues-kreuz-saarland.de\/wp-content\/uploads\/2013\/02\/start1-1024x260.jpg 1024w\" sizes=\"auto, (max-width: 1140px) 100vw, 1140px\" \/><br \/>\nDas Blaue Kreuz unterst\u00fctzt suchtgef\u00e4hrdete und suchtkranke Menschen sowie deren Angeh\u00f6rige. Als Fachverband arbeitet es in Beratung und Therapie in der Suchtpr\u00e4vention, aber vorrangig in der Suchtselbsthilfe. In diesem Sinne arbeitet das Blaue Kreuz seit mehr als 125 Jahren. Im Saarland sind an drei Orten (Sulzbach, Saarlouis und Homburg) Mitarbeiter ehrenamtlich in Begegnungsgruppen t\u00e4tig, wo sich w\u00f6chentlich etwa 75 Gruppenbesucher einfinden.<\/p>\n<p>Wenn Sie sich fragen:<\/p>\n<ul>\n<li>ob Ihr Alkoholkonsum\/Ihre Medikamenteneinnahme noch gut f\u00fcr Sie ist<\/li>\n<li>eine Selbsthilfegruppe suchen<\/li>\n<li>Fragen zu Sucht und Alkohol haben<\/li>\n<li>eine Suchtbehandlung anstreben<\/li>\n<\/ul>\n<p>dann sprechen Sie uns gerne an!\u00a0<div class=\"su-button-center\"><a href=\"http:\/\/blaues-kreuz-saarland.de\/?page_id=564\" class=\"su-button su-button-style-flat\" style=\"color:#FFFFFF;background-color:#2D519F;border-color:#244180;border-radius:5px\" target=\"_self\"><span style=\"color:#FFFFFF;padding:6px 16px;font-size:13px;line-height:20px;border-color:#6c86bc;border-radius:5px;text-shadow:none\"><i class=\"sui sui-user\" style=\"font-size:13px;color:#FFFFFF\"><\/i> Kontakt<\/span><\/a><\/div>\n","protected":false},"excerpt":{"rendered":"<p>Das Blaue Kreuz unterst\u00fctzt suchtgef\u00e4hrdete und suchtkranke Menschen sowie deren Angeh\u00f6rige. Als Fachverband arbeitet es in Beratung und Therapie in der Suchtpr\u00e4vention, aber vorrangig in der Suchtselbsthilfe. In diesem Sinne arbeitet das Blaue Kreuz&#46;&#46;&#46;<\/p>\n","protected":false},"author":1,"featured_media":0,"parent":0,"menu_order":0,"comment_status":"closed","ping_status":"closed","template":"","meta":{"ngg_post_thumbnail":0,"footnotes":""},"class_list":["post-142","page","type-page","status-publish","hentry"],"_links":{"self":[{"href":"http:\/\/blaues-kreuz-saarland.de\/index.php?rest_route=\/wp\/v2\/pages\/142","targetHints":{"allow":["GET"]}}],"collection":[{"href":"http:\/\/blaues-kreuz-saarland.de\/index.php?rest_route=\/wp\/v2\/pages"}],"about":[{"href":"http:\/\/blaues-kreuz-saarland.de\/index.php?rest_route=\/wp\/v2\/types\/page"}],"author":[{"embeddable":true,"href":"http:\/\/blaues-kreuz-saarland.de\/index.php?rest_route=\/wp\/v2\/users\/1"}],"replies":[{"embeddable":true,"href":"http:\/\/blaues-kreuz-saarland.de\/index.php?rest_route=%2Fwp%2Fv2%2Fcomments&post=142"}],"version-history":[{"count":51,"href":"http:\/\/blaues-kreuz-saarland.de\/index.php?rest_route=\/wp\/v2\/pages\/142\/revisions"}],"predecessor-version":[{"id":809,"href":"http:\/\/blaues-kreuz-saarland.de\/index.php?rest_route=\/wp\/v2\/pages\/142\/revisions\/809"}],"wp:attachment":[{"href":"http:\/\/blaues-kreuz-saarland.de\/index.php?rest_route=%2Fwp%2Fv2%2Fmedia&parent=142"}],"curies":[{"name":"wp","href":"https:\/\/api.w.org\/{rel}","templated":true}]}}