{"id":628,"date":"2013-06-10T10:00:45","date_gmt":"2013-06-10T08:00:45","guid":{"rendered":"http:\/\/blaues-kreuz-saarland.de\/?page_id=628"},"modified":"2015-08-01T16:07:03","modified_gmt":"2015-08-01T14:07:03","slug":"impressum","status":"publish","type":"page","link":"http:\/\/blaues-kreuz-saarland.de\/?page_id=628","title":{"rendered":"Impressum"},"content":{"rendered":"<p>Blaues Kreuz in Deutschland<br \/>\nLandesverband Saarland<\/p>\n<p>Landesverbandsvorsitzende: Ruth Eifler<br \/>\nAm Pflanzgarten 29<br \/>\n66287 Quierschied<\/p>\n<p>Fon\/Fax<br \/>\n06897 &#8211; 63093<\/p>\n<p>Steuer-Nr.: 040\/140\/81335<\/p>\n<h4>Datenschutzerkl\u00e4rung<\/h4>\n<p>Vielen Dank f\u00fcr Ihr Interesse an unserer Homepage und unserem Landesverband!<\/p>\n<p>F\u00fcr externe Links zu fremden Inhalten k\u00f6nnen wir dabei trotz sorgf\u00e4ltiger inhaltlicher Kontrolle keine Haftung \u00fcbernehmen.<\/p>\n<p>Unserem Wirken allgemein und unserer Internetpr\u00e4senz liegen keine gewerblichen Interessen zugrunde; die vertrauliche Handhabung aller Informationen, die uns von seiten hilfesuchender und interessierter Menschen erreichen, ist selbstverst\u00e4ndlich und eine der Grundlagen unserer T\u00e4tigkeiten.<br \/>\nDennoch wird aufgrund dauernder Gesetzes\u00e4nderungen (TKG, TDG, TMG etc.) und zur Abwehr von Abmahnungen vorsorglich folgendes erkl\u00e4rt:<\/p>\n<p>Der Schutz Ihrer personenbezogenen Daten bei der Erhebung, Verarbeitung und Nutzung anl\u00e4sslich Ihres Besuchs auf unserer Homepage ist uns ein wichtiges Anliegen. Ihre Daten werden im Rahmen der gesetzlichen Vorschriften gesch\u00fctzt. Nachfolgend finden Sie Informationen, welche Daten w\u00e4hrend Ihres Besuchs auf der Homepage erfasst und wie diese genutzt werden:<\/p>\n<ul>\n<li>1. Erhebung und Verarbeitung von Daten\n<p>Jeder Zugriff auf unsere Homepage und jeder Abruf einer auf der Homepage hinterlegten Datei werden wie \u00fcblich serverseitig bei unserem Webhoster (1&amp;1 Internet AG) protokolliert. Die Speicherung dient internen systembezogenen und statistischen Zwecken. Protokolliert werden:<br \/>\nName der abgerufenen Datei, Datum und Uhrzeit des Abrufs, \u00fcbertragene Datenmenge, Meldung \u00fcber erfolgreichen Abruf, Webbrowser-Typ\/Version\/Betriebssystem und anfragende Domain, &#8222;Referrer URL&#8220; (die zuvor besuchte Seite, wenn Sie dies nicht in Ihrem Browser abgeschaltet haben). Zus\u00e4tzlich werden die IP Adressen der anfragenden Rechner protokolliert.<br \/>\nAuf obige Speicherungen haben wir keinen Einfluss. Wir k\u00f6nnen diese Daten niemandem pers\u00f6nlich zuordnen und haben auch kein Interesse daran.<\/p>\n<p>Weitergehende personenbezogene Daten werden nur erfasst, wenn Sie diese Angaben freiwillig, etwa im Rahmen einer Anfrage \u00fcber E-Mail machen.<\/p>\n<p>Wir sind bem\u00fcht, Ihre pers\u00f6nlichen Informationen durch Ergreifung aller technischen und organisatorischen M\u00f6glichkeiten so zu speichern, dass sie f\u00fcr Dritte nicht zug\u00e4nglich sind. Bei der Kommunikation per E-Mail kann die vollst\u00e4ndige Datensicherheit von uns und niemandem gew\u00e4hrleistet werden, so dass wir Ihnen bei vertraulichen Informationen den Postweg empfehlen.<\/li>\n<li>2. Nutzung und Weitergabe personenbezogener Daten\n<p>Soweit Sie uns personenbezogene Daten \u00fcbermittelt haben, verwenden wir diese ausschliesslich zur Beantwortung Ihrer Anfragen.<br \/>\nIhre personenbezogenen Daten werden an Dritte nicht weitergegeben. Von unserer Seite werden keine sogenannten &#8222;Cookies&#8220; zur Wiedererkennung von Webseitenbesuchern gesetzt, funktionsbezogene Java-Skripte laufen grunds\u00e4tzlich nur auf ihrem eigenen Browser und geben keine Informationen an den Server zur\u00fcck!<\/p>\n<p>Die L\u00f6schung der gespeicherten personenbezogenen Daten erfolgt, wenn Sie deren Speicherung widerrufen, wenn ihre Kenntnis zur Erf\u00fcllung des mit der Speicherung verfolgten Zwecks nicht mehr erforderlich ist oder wenn ihre Speicherung aus sonstigen gesetzlichen Gr\u00fcnden unzul\u00e4ssig ist.<\/li>\n<\/ul>\n","protected":false},"excerpt":{"rendered":"<p>Blaues Kreuz in Deutschland Landesverband Saarland Landesverbandsvorsitzende: Ruth Eifler Am Pflanzgarten 29 66287 Quierschied Fon\/Fax 06897 &#8211; 63093 Steuer-Nr.: 040\/140\/81335 Datenschutzerkl\u00e4rung Vielen Dank f\u00fcr Ihr Interesse an unserer Homepage und unserem Landesverband! F\u00fcr externe&#46;&#46;&#46;<\/p>\n","protected":false},"author":1,"featured_media":0,"parent":0,"menu_order":0,"comment_status":"closed","ping_status":"closed","template":"","meta":{"ngg_post_thumbnail":0,"footnotes":""},"class_list":["post-628","page","type-page","status-publish","hentry"],"_links":{"self":[{"href":"http:\/\/blaues-kreuz-saarland.de\/index.php?rest_route=\/wp\/v2\/pages\/628","targetHints":{"allow":["GET"]}}],"collection":[{"href":"http:\/\/blaues-kreuz-saarland.de\/index.php?rest_route=\/wp\/v2\/pages"}],"about":[{"href":"http:\/\/blaues-kreuz-saarland.de\/index.php?rest_route=\/wp\/v2\/types\/page"}],"author":[{"embeddable":true,"href":"http:\/\/blaues-kreuz-saarland.de\/index.php?rest_route=\/wp\/v2\/users\/1"}],"replies":[{"embeddable":true,"href":"http:\/\/blaues-kreuz-saarland.de\/index.php?rest_route=%2Fwp%2Fv2%2Fcomments&post=628"}],"version-history":[{"count":4,"href":"http:\/\/blaues-kreuz-saarland.de\/index.php?rest_route=\/wp\/v2\/pages\/628\/revisions"}],"predecessor-version":[{"id":756,"href":"http:\/\/blaues-kreuz-saarland.de\/index.php?rest_route=\/wp\/v2\/pages\/628\/revisions\/756"}],"wp:attachment":[{"href":"http:\/\/blaues-kreuz-saarland.de\/index.php?rest_route=%2Fwp%2Fv2%2Fmedia&parent=628"}],"curies":[{"name":"wp","href":"https:\/\/api.w.org\/{rel}","templated":true}]}}