{"id":74,"date":"2013-02-21T15:42:23","date_gmt":"2013-02-21T13:42:23","guid":{"rendered":"http:\/\/127.0.0.1\/wp\/?page_id=74"},"modified":"2019-06-02T01:07:42","modified_gmt":"2019-06-01T23:07:42","slug":"gruppen","status":"publish","type":"page","link":"http:\/\/blaues-kreuz-saarland.de\/?page_id=74","title":{"rendered":"Selbsthilfe-Gruppen"},"content":{"rendered":"<p><img loading=\"lazy\" decoding=\"async\" class=\"alignnone size-full wp-image-519\" alt=\"gruppen\" src=\"http:\/\/blaues-kreuz-saarland.de\/wp-content\/uploads\/2013\/02\/gruppen.jpg\" width=\"690\" height=\"185\" srcset=\"http:\/\/blaues-kreuz-saarland.de\/wp-content\/uploads\/2013\/02\/gruppen.jpg 690w, http:\/\/blaues-kreuz-saarland.de\/wp-content\/uploads\/2013\/02\/gruppen-300x80.jpg 300w\" sizes=\"auto, (max-width: 690px) 100vw, 690px\" \/><\/p>\n<p>Unsere Selbsthilfe-Gruppen bieten Beratung und Hilfe f\u00fcr Menschen mit Suchtproblemen (vorrangig Alkohol) im Einzel- und Gruppengespr\u00e4ch.<br \/>\nWir informieren \u00fcber die Krankheit, \u00fcber M\u00f6glichkeiten der Bew\u00e4ltigung und \u00fcber Therapiem\u00f6glichkeiten. In der Begegnungsgruppe treffen sich Suchtmittelabh\u00e4ngige, Angeh\u00f6rige und Interessierte mit dem Ziel, ein suchtmittelfreies Leben zu f\u00fchren und die negativen Folgen des Suchtmittelmissbrauches im pers\u00f6nlichen, famili\u00e4ren und beruflichen Leben in den Griff zu bekommen.<\/p>\n<p><strong>Wichtig ist uns auch die Hilfe f\u00fcr Angeh\u00f6rige:<\/strong><br \/>\ndie meisten Angeh\u00f6rigen f\u00fchlen sich sehr alleine mit ihren Problemen und finden in der Gruppe einen Austausch mit anderen Betroffenen um ihren eigenen Weg aus dem Suchtsystem zu finden.<br \/>\nIn der Selbsthilfegruppe wird Ihnen zugeh\u00f6rt und Sie k\u00f6nnen offen \u00fcber Ihre Probleme reden.<\/p>\n","protected":false},"excerpt":{"rendered":"<p>Unsere Selbsthilfe-Gruppen bieten Beratung und Hilfe f\u00fcr Menschen mit Suchtproblemen (vorrangig Alkohol) im Einzel- und Gruppengespr\u00e4ch. Wir informieren \u00fcber die Krankheit, \u00fcber M\u00f6glichkeiten der Bew\u00e4ltigung und \u00fcber Therapiem\u00f6glichkeiten. In der Begegnungsgruppe treffen sich Suchtmittelabh\u00e4ngige,&#46;&#46;&#46;<\/p>\n","protected":false},"author":1,"featured_media":0,"parent":0,"menu_order":0,"comment_status":"closed","ping_status":"closed","template":"","meta":{"ngg_post_thumbnail":0,"footnotes":""},"class_list":["post-74","page","type-page","status-publish","hentry"],"_links":{"self":[{"href":"http:\/\/blaues-kreuz-saarland.de\/index.php?rest_route=\/wp\/v2\/pages\/74","targetHints":{"allow":["GET"]}}],"collection":[{"href":"http:\/\/blaues-kreuz-saarland.de\/index.php?rest_route=\/wp\/v2\/pages"}],"about":[{"href":"http:\/\/blaues-kreuz-saarland.de\/index.php?rest_route=\/wp\/v2\/types\/page"}],"author":[{"embeddable":true,"href":"http:\/\/blaues-kreuz-saarland.de\/index.php?rest_route=\/wp\/v2\/users\/1"}],"replies":[{"embeddable":true,"href":"http:\/\/blaues-kreuz-saarland.de\/index.php?rest_route=%2Fwp%2Fv2%2Fcomments&post=74"}],"version-history":[{"count":20,"href":"http:\/\/blaues-kreuz-saarland.de\/index.php?rest_route=\/wp\/v2\/pages\/74\/revisions"}],"predecessor-version":[{"id":814,"href":"http:\/\/blaues-kreuz-saarland.de\/index.php?rest_route=\/wp\/v2\/pages\/74\/revisions\/814"}],"wp:attachment":[{"href":"http:\/\/blaues-kreuz-saarland.de\/index.php?rest_route=%2Fwp%2Fv2%2Fmedia&parent=74"}],"curies":[{"name":"wp","href":"https:\/\/api.w.org\/{rel}","templated":true}]}}